{"id":13486,"date":"2021-05-31T18:12:05","date_gmt":"2021-05-31T16:12:05","guid":{"rendered":"https:\/\/www.dyma.sk\/registrieren-sie-sich\/"},"modified":"2026-03-16T13:17:04","modified_gmt":"2026-03-16T12:17:04","slug":"registrieren-sie-sich","status":"publish","type":"page","link":"https:\/\/www.dyma.sk\/de\/registrieren-sie-sich\/","title":{"rendered":"Registrieren Sie sich"},"content":{"rendered":"\t\t<div data-elementor-type=\"wp-page\" data-elementor-id=\"13486\" class=\"elementor elementor-13486 elementor-847\" data-elementor-post-type=\"page\">\n\t\t\t\t\t\t<section class=\"elementor-section elementor-top-section elementor-element elementor-element-3b55272 elementor-section-boxed elementor-section-height-default elementor-section-height-default\" data-id=\"3b55272\" data-element_type=\"section\" data-e-type=\"section\">\n\t\t\t\t\t\t<div class=\"elementor-container elementor-column-gap-default\">\n\t\t\t\t\t<div class=\"elementor-column elementor-col-100 elementor-top-column elementor-element elementor-element-e264ac6\" data-id=\"e264ac6\" data-element_type=\"column\" data-e-type=\"column\" data-settings=\"{&quot;background_background&quot;:&quot;classic&quot;}\">\n\t\t\t<div class=\"elementor-widget-wrap elementor-element-populated\">\n\t\t\t\t\t\t<div class=\"elementor-element elementor-element-d488461 elementor-widget elementor-widget-text-editor\" data-id=\"d488461\" data-element_type=\"widget\" data-e-type=\"widget\" data-widget_type=\"text-editor.default\">\n\t\t\t\t<div class=\"elementor-widget-container\">\n\t\t\t\t\t\t\t\t\t<p>Sie k\u00f6nnen sich auf dieser Seite anmelden. Sobald Sie sich registriert haben, wird ein Benutzerkonto f\u00fcr Sie erstellt, \u00fcber das Sie die aktuellen Stellenausschreibungen einsehen und Benachrichtigungen erhalten k\u00f6nnen, sobald wir eine neue Stellenausschreibung hinzuf\u00fcgen.  <\/p>\t\t\t\t\t\t\t\t<\/div>\n\t\t\t\t<\/div>\n\t\t\t\t<section class=\"elementor-section elementor-inner-section elementor-element elementor-element-89c06e6 elementor-section-boxed elementor-section-height-default elementor-section-height-default\" data-id=\"89c06e6\" data-element_type=\"section\" data-e-type=\"section\">\n\t\t\t\t\t\t<div class=\"elementor-container elementor-column-gap-default\">\n\t\t\t\t\t<div class=\"elementor-column elementor-col-50 elementor-inner-column elementor-element elementor-element-6b52ef8\" data-id=\"6b52ef8\" data-element_type=\"column\" data-e-type=\"column\" data-settings=\"{&quot;background_background&quot;:&quot;classic&quot;}\">\n\t\t\t<div class=\"elementor-widget-wrap elementor-element-populated\">\n\t\t\t\t\t\t<div class=\"elementor-element elementor-element-d38e0d9 elementor-widget elementor-widget-heading\" data-id=\"d38e0d9\" data-element_type=\"widget\" data-e-type=\"widget\" data-widget_type=\"heading.default\">\n\t\t\t\t<div class=\"elementor-widget-container\">\n\t\t\t\t\t<h2 class=\"elementor-heading-title elementor-size-default\">Erstellen Sie Ihr Konto<\/h2>\t\t\t\t<\/div>\n\t\t\t\t<\/div>\n\t\t\t\t<div class=\"elementor-element elementor-element-1f8ac46 elementor-widget elementor-widget-text-editor\" data-id=\"1f8ac46\" data-element_type=\"widget\" data-e-type=\"widget\" data-widget_type=\"text-editor.default\">\n\t\t\t\t<div class=\"elementor-widget-container\">\n\t\t\t\t\t\t\t\t\t<p>Registrierung eines neuen Benutzers. Wenn Sie auf unserer Website <strong>\n  <span style=\"color: #ff6600;\">noch nicht registriert sind<\/span>\n<\/strong>benutzen Sie bitte dieses Formular, um ein Benutzerkonto zu erstellen. Nach erfolgreicher Registrierung werden Sie automatisch auf die Seite mit den aktuellen Angeboten weitergeleitet.  <\/p>\t\t\t\t\t\t\t\t<\/div>\n\t\t\t\t<\/div>\n\t\t\t\t\t<\/div>\n\t\t<\/div>\n\t\t\t\t<div class=\"elementor-column elementor-col-50 elementor-inner-column elementor-element elementor-element-333c8d6\" data-id=\"333c8d6\" data-element_type=\"column\" data-e-type=\"column\" data-settings=\"{&quot;background_background&quot;:&quot;classic&quot;}\">\n\t\t\t<div class=\"elementor-widget-wrap elementor-element-populated\">\n\t\t\t\t\t\t<div class=\"elementor-element elementor-element-29d3ff6 elementor-widget elementor-widget-heading\" data-id=\"29d3ff6\" data-element_type=\"widget\" data-e-type=\"widget\" data-widget_type=\"heading.default\">\n\t\t\t\t<div class=\"elementor-widget-container\">\n\t\t\t\t\t<h2 class=\"elementor-heading-title elementor-size-default\">Anmeldung<\/h2>\t\t\t\t<\/div>\n\t\t\t\t<\/div>\n\t\t\t\t<div class=\"elementor-element elementor-element-32672e8 elementor-widget elementor-widget-text-editor\" data-id=\"32672e8\" data-element_type=\"widget\" data-e-type=\"widget\" data-widget_type=\"text-editor.default\">\n\t\t\t\t<div class=\"elementor-widget-container\">\n\t\t\t\t\t\t\t\t\tWenn Sie bereits auf unserer Website registriert sind, verwenden Sie bitte dieses Formular, um sich bei Ihrem Konto anzumelden und die aktuellen Angebote einzusehen.  \t\t\t\t\t\t\t\t<\/div>\n\t\t\t\t<\/div>\n\t\t\t\t\t<\/div>\n\t\t<\/div>\n\t\t\t\t\t<\/div>\n\t\t<\/section>\n\t\t\t\t\t<\/div>\n\t\t<\/div>\n\t\t\t\t\t<\/div>\n\t\t<\/section>\n\t\t\t\t<\/div>\n\t\t","protected":false},"excerpt":{"rendered":"<p>Sie k\u00f6nnen sich auf dieser Seite anmelden. Sobald Sie sich registriert haben, wird ein Benutzerkonto f\u00fcr Sie erstellt, \u00fcber das Sie die aktuellen Stellenausschreibungen einsehen und Benachrichtigungen erhalten k\u00f6nnen, sobald wir eine neue Stellenausschreibung hinzuf\u00fcgen. Erstellen Sie Ihr Konto Registrierung eines neuen Benutzers. Wenn Sie auf unserer Website noch nicht registriert sind benutzen Sie bitte [&hellip;]<\/p>\n","protected":false},"author":1,"featured_media":0,"parent":0,"menu_order":0,"comment_status":"closed","ping_status":"closed","template":"","meta":{"footnotes":""},"class_list":["post-13486","page","type-page","status-publish","hentry"],"meta_box":[],"_links":{"self":[{"href":"https:\/\/www.dyma.sk\/de\/wp-json\/wp\/v2\/pages\/13486","targetHints":{"allow":["GET"]}}],"collection":[{"href":"https:\/\/www.dyma.sk\/de\/wp-json\/wp\/v2\/pages"}],"about":[{"href":"https:\/\/www.dyma.sk\/de\/wp-json\/wp\/v2\/types\/page"}],"author":[{"embeddable":true,"href":"https:\/\/www.dyma.sk\/de\/wp-json\/wp\/v2\/users\/1"}],"replies":[{"embeddable":true,"href":"https:\/\/www.dyma.sk\/de\/wp-json\/wp\/v2\/comments?post=13486"}],"version-history":[{"count":1,"href":"https:\/\/www.dyma.sk\/de\/wp-json\/wp\/v2\/pages\/13486\/revisions"}],"predecessor-version":[{"id":13487,"href":"https:\/\/www.dyma.sk\/de\/wp-json\/wp\/v2\/pages\/13486\/revisions\/13487"}],"wp:attachment":[{"href":"https:\/\/www.dyma.sk\/de\/wp-json\/wp\/v2\/media?parent=13486"}],"curies":[{"name":"wp","href":"https:\/\/api.w.org\/{rel}","templated":true}]}}